{"id":552,"date":"2022-09-29T23:40:35","date_gmt":"2022-09-30T02:40:35","guid":{"rendered":"https:\/\/www.marcianc.adv.br\/index.php\/direito-civil-copy\/"},"modified":"2022-10-21T16:45:14","modified_gmt":"2022-10-21T19:45:14","slug":"assessoria-juridica","status":"publish","type":"page","link":"https:\/\/www.marcianc.adv.br\/index.php\/assessoria-juridica\/","title":{"rendered":"Assessoria Jur\u00eddica"},"content":{"rendered":"\n<div class=\"wp-block-uagb-container uagb-block-10f91ab9 alignfull uagb-is-root-container\"><div class=\"uagb-container-inner-blocks-wrap\">\n<div class=\"wp-block-uagb-advanced-heading uagb-block-311807d9\"><h1 class=\"uagb-heading-text\">Assessoria Jur\u00eddica<\/h1><\/div>\n<\/div><\/div>\n\n\n\n<div class=\"wp-block-uagb-container uagb-block-81432907 alignfull uagb-is-root-container\"><div class=\"uagb-container-inner-blocks-wrap\">\n<h2 class=\"has-text-align-center has-ast-global-color-0-color has-text-color wp-block-heading\">Assessoria Jur\u00eddica<\/h2>\n\n\n\n<p class=\"has-ast-global-color-0-color has-text-color has-medium-font-size\">A contrata\u00e7\u00e3o de Assessoria Jur\u00eddica \u00e9 capaz de se adequar \u00e0 necessidade demandada pelo cliente, podendo se dar de forma \u00fanica ou cont\u00ednua.<\/p>\n\n\n\n<p class=\"has-ast-global-color-0-color has-text-color has-medium-font-size\">Este tipo de atua\u00e7\u00e3o contempla:<\/p>\n\n\n\n<p class=\"has-text-align-justify has-ast-global-color-0-color has-text-color has-medium-font-size\"><strong>An\u00e1lise e Identifica\u00e7\u00e3o de Riscos Jur\u00eddicos<\/strong><br>Cuja finalidade \u00e9, a partir de uma interpreta\u00e7\u00e3o jur\u00eddica, apontar fatores relevantes da empresa a fim de identificar potenciais danos \u00e0 opera\u00e7\u00e3o e riscos patrimoniais.<\/p>\n\n\n\n<p class=\"has-text-align-justify has-ast-global-color-0-color has-text-color has-medium-font-size\">\u200b<strong>Elabora\u00e7\u00e3o e Revis\u00e3o Contratual<\/strong><br>Consiste na elabora\u00e7\u00e3o de contratos conforme as particularidades do neg\u00f3cio.<br>Tal atua\u00e7\u00e3o pode se dar desde o contrato social, contrato de loca\u00e7\u00e3o ou compra e venda de im\u00f3veis, at\u00e9 os instrumentos necess\u00e1rios para o funcionamento da atividade empresarial, como contratos de ades\u00e3o ou contratos parit\u00e1rios com seus fornecedores e clientes.<\/p>\n\n\n\n<p class=\"has-text-align-justify has-ast-global-color-0-color has-text-color has-medium-font-size\">\u200b<strong>Identifica\u00e7\u00e3o de Oportunidades<\/strong><br>\u00c9 poss\u00edvel a verifica\u00e7\u00e3o do enquadramento da empresa em alguma tese jur\u00eddica que possa trazer um resultado positivo ou reduzir preju\u00edzos.<br>Nesse sentido, a Assessoria Jur\u00eddica informar\u00e1 sobre essa possibilidade ativamente.<\/p>\n\n\n\n<p class=\"has-text-align-justify has-ast-global-color-0-color has-text-color has-medium-font-size\"><strong>\u200bSuporte \u00e0 Decis\u00e3o<\/strong><br>Presta\u00e7\u00e3o de informa\u00e7\u00f5es e pareceres para que o cliente possa analisar aspectos jur\u00eddicos de determinado neg\u00f3cio ou oportunidade.<\/p>\n\n\n\n<p class=\"has-text-align-justify has-ast-global-color-0-color has-text-color has-medium-font-size\">\u200b<strong>A\u00e7\u00f5es Judiciais<\/strong><br>A Assessoria Jur\u00eddica pode emitir parecer sobre a viabilidade de a\u00e7\u00f5es judiciais, representa\u00e7\u00e3o em ju\u00edzo, identifica\u00e7\u00e3o e organiza\u00e7\u00e3o de demandas existentes.<\/p>\n\n\n\n<p class=\"has-text-align-justify has-ast-global-color-0-color has-text-color has-medium-font-size\"><strong>\u200bPrepara\u00e7\u00e3o para Licita\u00e7\u00f5es<\/strong><br>Para que uma empresa se enquadre nessa modalidade de concorr\u00eancia, \u00e9 necess\u00e1rio que atenda \u00e0s exig\u00eancias da administra\u00e7\u00e3o p\u00fablica para participa\u00e7\u00e3o nos procedimentos, como forma de cumprimento de requisitos e de aumento da seguran\u00e7a jur\u00eddica para o cliente.<\/p>\n\n\n\n<p class=\"has-text-align-justify has-ast-global-color-0-color has-text-color has-medium-font-size\">\u200b<strong>Projeto de Adequa\u00e7\u00e3o \u00e0 Lei Geral de Prote\u00e7\u00e3o de Dados Pessoais (LGPD)<\/strong><br>Aplica\u00e7\u00e3o de m\u00e9todo de instala\u00e7\u00e3o de Compliance com a LGPD, incluindo diagn\u00f3stico de risco relacionado \u00e0 prote\u00e7\u00e3o de dados, mapeamento de dados, elabora\u00e7\u00e3o de pol\u00edtica de seguran\u00e7a da informa\u00e7\u00e3o, pol\u00edtica de privacidade de dados e revis\u00e3o contratual de acordo com a LGPD.<\/p>\n\n\n\n<p class=\"has-text-align-justify has-ast-global-color-0-color has-text-color has-medium-font-size\"><strong>Assessoria Jur\u00eddica \u00e0 Empresa de Base Tecnol\u00f3gica<\/strong><br>Prote\u00e7\u00e3o jur\u00eddica de propriedade intelectual e industrial, contratos de licenciamento de software e termos de uso, elabora\u00e7\u00e3o e revis\u00e3o contratual de demais formas.<\/p>\n<\/div><\/div>\n\n\n\n<div class=\"wp-block-uagb-container uagb-block-e8492c04 alignfull uagb-is-root-container\"><div class=\"uagb-container-inner-blocks-wrap\">\n<div class=\"wp-block-columns is-layout-flex wp-container-core-columns-is-layout-28f84493 wp-block-columns-is-layout-flex\">\n<div class=\"wp-block-column is-layout-flow wp-block-column-is-layout-flow\">\n<div class=\"wp-block-uagb-info-box uagb-block-21f461f8 uagb-infobox__content-wrap  uagb-infobox-icon-above-title uagb-infobox-image-valign-top\"><div class=\"uagb-ifb-content\"><div class=\"uagb-ifb-title-wrap\"><h3 class=\"uagb-ifb-title\">Direito do Trabalho<\/h3><\/div><div class=\"uagb-ifb-separator\"><\/div><p class=\"uagb-ifb-desc\">Considerado um dos ramos do Direito mais importante \u00e0 sociedade, o Direito do Trabalho regula a rela\u00e7\u00e3o jur\u00eddica estabelecida entre empregados e empregadores&#8230;<\/p><div class=\"uagb-ifb-button-wrapper wp-block-button\"><a href=\"https:\/\/www.marcianc.adv.br\/index.php\/direito-do-trabalho\/\" target=\"_self\" class=\"uagb-infobox-cta-link\" rel=\"noopener noreferrer\" alt=\"\"><span class=\"uagb-inline-editing\">Saiba Mais <\/span><svg xmlns=\"https:\/\/www.w3.org\/2000\/svg\" viewBox=\"0 0 512 512\"><path d=\"M52.51 440.6l171.5-142.9V214.3L52.51 71.41C31.88 54.28 0 68.66 0 96.03v319.9C0 443.3 31.88 457.7 52.51 440.6zM308.5 440.6l192-159.1c15.25-12.87 15.25-36.37 0-49.24l-192-159.1c-20.63-17.12-52.51-2.749-52.51 24.62v319.9C256 443.3 287.9 457.7 308.5 440.6z\"><\/path><\/svg><\/a><\/div><\/div><\/div>\n<\/div>\n\n\n\n<div class=\"wp-block-column is-layout-flow wp-block-column-is-layout-flow\">\n<div class=\"wp-block-uagb-info-box uagb-block-4ad427e2 uagb-infobox__content-wrap  uagb-infobox-icon-above-title uagb-infobox-image-valign-top\"><div class=\"uagb-ifb-content\"><div class=\"uagb-ifb-title-wrap\"><h3 class=\"uagb-ifb-title\">Direito Civil<\/h3><\/div><div class=\"uagb-ifb-separator\"><\/div><p class=\"uagb-ifb-desc\">O Direito Civil pode debru\u00e7ar-se sobre uma ampla \u00e1rea de abordagem, permeando desde o Direito de Fam\u00edlia at\u00e9 quest\u00f5es contratuais. Tais quest\u00f5es podem envolver, ainda, a\u00e7\u00f5es atinentes ao Direito do Consumidor,&#8230;<\/p><div class=\"uagb-ifb-button-wrapper wp-block-button\"><a href=\"https:\/\/www.marcianc.adv.br\/index.php\/direito-civil\/\" target=\"_self\" class=\"uagb-infobox-cta-link\" rel=\"noopener noreferrer\" alt=\"\"><span class=\"uagb-inline-editing\">Saiba Mais <\/span><svg xmlns=\"https:\/\/www.w3.org\/2000\/svg\" viewBox=\"0 0 512 512\"><path d=\"M52.51 440.6l171.5-142.9V214.3L52.51 71.41C31.88 54.28 0 68.66 0 96.03v319.9C0 443.3 31.88 457.7 52.51 440.6zM308.5 440.6l192-159.1c15.25-12.87 15.25-36.37 0-49.24l-192-159.1c-20.63-17.12-52.51-2.749-52.51 24.62v319.9C256 443.3 287.9 457.7 308.5 440.6z\"><\/path><\/svg><\/a><\/div><\/div><\/div>\n<\/div>\n<\/div>\n<\/div><\/div>\n","protected":false},"excerpt":{"rendered":"<p>Assessoria Jur\u00eddica Assessoria Jur\u00eddica A contrata\u00e7\u00e3o de Assessoria Jur\u00eddica \u00e9 capaz de se adequar \u00e0 necessidade demandada pelo cliente, podendo se dar de forma \u00fanica ou cont\u00ednua. Este tipo de atua\u00e7\u00e3o contempla: An\u00e1lise e Identifica\u00e7\u00e3o de Riscos Jur\u00eddicosCuja finalidade \u00e9, a partir de uma interpreta\u00e7\u00e3o jur\u00eddica, apontar fatores relevantes da empresa a fim de identificar [&hellip;]<\/p>\n","protected":false},"author":2,"featured_media":0,"parent":0,"menu_order":0,"comment_status":"closed","ping_status":"closed","template":"","meta":{"_editorskit_title_hidden":false,"_editorskit_reading_time":1,"_editorskit_is_block_options_detached":false,"_editorskit_block_options_position":"{}","_uag_custom_page_level_css":"","site-sidebar-layout":"no-sidebar","site-content-layout":"plain-container","ast-site-content-layout":"default","site-content-style":"default","site-sidebar-style":"default","ast-global-header-display":"","ast-banner-title-visibility":"","ast-main-header-display":"","ast-hfb-above-header-display":"","ast-hfb-below-header-display":"","ast-hfb-mobile-header-display":"","site-post-title":"disabled","ast-breadcrumbs-content":"","ast-featured-img":"","footer-sml-layout":"","ast-disable-related-posts":"","theme-transparent-header-meta":"enabled","adv-header-id-meta":"","stick-header-meta":"","header-above-stick-meta":"","header-main-stick-meta":"","header-below-stick-meta":"","astra-migrate-meta-layouts":"default","ast-page-background-enabled":"default","ast-page-background-meta":{"desktop":{"background-color":"","background-image":"","background-repeat":"repeat","background-position":"center center","background-size":"auto","background-attachment":"scroll","background-type":"","background-media":"","overlay-type":"","overlay-color":"","overlay-opacity":"","overlay-gradient":""},"tablet":{"background-color":"","background-image":"","background-repeat":"repeat","background-position":"center center","background-size":"auto","background-attachment":"scroll","background-type":"","background-media":"","overlay-type":"","overlay-color":"","overlay-opacity":"","overlay-gradient":""},"mobile":{"background-color":"","background-image":"","background-repeat":"repeat","background-position":"center center","background-size":"auto","background-attachment":"scroll","background-type":"","background-media":"","overlay-type":"","overlay-color":"","overlay-opacity":"","overlay-gradient":""}},"ast-content-background-meta":{"desktop":{"background-color":"var(--ast-global-color-5)","background-image":"","background-repeat":"repeat","background-position":"center center","background-size":"auto","background-attachment":"scroll","background-type":"","background-media":"","overlay-type":"","overlay-color":"","overlay-opacity":"","overlay-gradient":""},"tablet":{"background-color":"var(--ast-global-color-5)","background-image":"","background-repeat":"repeat","background-position":"center center","background-size":"auto","background-attachment":"scroll","background-type":"","background-media":"","overlay-type":"","overlay-color":"","overlay-opacity":"","overlay-gradient":""},"mobile":{"background-color":"var(--ast-global-color-5)","background-image":"","background-repeat":"repeat","background-position":"center center","background-size":"auto","background-attachment":"scroll","background-type":"","background-media":"","overlay-type":"","overlay-color":"","overlay-opacity":"","overlay-gradient":""}},"footnotes":""},"class_list":["post-552","page","type-page","status-publish","hentry"],"uagb_featured_image_src":{"full":false,"thumbnail":false,"medium":false,"medium_large":false,"large":false,"1536x1536":false,"2048x2048":false},"uagb_author_info":{"display_name":"Patrick Cadaval","author_link":"https:\/\/www.marcianc.adv.br\/index.php\/author\/patrick\/"},"uagb_comment_info":0,"uagb_excerpt":"Assessoria Jur\u00eddica Assessoria Jur\u00eddica A contrata\u00e7\u00e3o de Assessoria Jur\u00eddica \u00e9 capaz de se adequar \u00e0 necessidade demandada pelo cliente, podendo se dar de forma \u00fanica ou cont\u00ednua. Este tipo de atua\u00e7\u00e3o contempla: An\u00e1lise e Identifica\u00e7\u00e3o de Riscos Jur\u00eddicosCuja finalidade \u00e9, a partir de uma interpreta\u00e7\u00e3o jur\u00eddica, apontar fatores relevantes da empresa a fim de identificar&hellip;","_links":{"self":[{"href":"https:\/\/www.marcianc.adv.br\/index.php\/wp-json\/wp\/v2\/pages\/552","targetHints":{"allow":["GET"]}}],"collection":[{"href":"https:\/\/www.marcianc.adv.br\/index.php\/wp-json\/wp\/v2\/pages"}],"about":[{"href":"https:\/\/www.marcianc.adv.br\/index.php\/wp-json\/wp\/v2\/types\/page"}],"author":[{"embeddable":true,"href":"https:\/\/www.marcianc.adv.br\/index.php\/wp-json\/wp\/v2\/users\/2"}],"replies":[{"embeddable":true,"href":"https:\/\/www.marcianc.adv.br\/index.php\/wp-json\/wp\/v2\/comments?post=552"}],"version-history":[{"count":22,"href":"https:\/\/www.marcianc.adv.br\/index.php\/wp-json\/wp\/v2\/pages\/552\/revisions"}],"predecessor-version":[{"id":843,"href":"https:\/\/www.marcianc.adv.br\/index.php\/wp-json\/wp\/v2\/pages\/552\/revisions\/843"}],"wp:attachment":[{"href":"https:\/\/www.marcianc.adv.br\/index.php\/wp-json\/wp\/v2\/media?parent=552"}],"curies":[{"name":"wp","href":"https:\/\/api.w.org\/{rel}","templated":true}]}}