{"id":550,"date":"2022-09-29T23:39:10","date_gmt":"2022-09-30T02:39:10","guid":{"rendered":"https:\/\/www.marcianc.adv.br\/index.php\/direito-civil-copy\/"},"modified":"2022-10-21T16:42:25","modified_gmt":"2022-10-21T19:42:25","slug":"direito-do-trabalho","status":"publish","type":"page","link":"https:\/\/www.marcianc.adv.br\/index.php\/direito-do-trabalho\/","title":{"rendered":"Direito do Trabalho"},"content":{"rendered":"\n<div class=\"wp-block-uagb-container uagb-block-14474249 alignfull uagb-is-root-container\"><div class=\"uagb-container-inner-blocks-wrap\">\n<div class=\"wp-block-uagb-advanced-heading uagb-block-14169dc2\"><h1 class=\"uagb-heading-text\">Direito do trabalho<\/h1><\/div>\n<\/div><\/div>\n\n\n\n<div class=\"wp-block-uagb-container uagb-block-58b6c80c alignfull uagb-is-root-container\"><div class=\"uagb-container-inner-blocks-wrap\">\n<h2 class=\"has-text-align-center has-ast-global-color-0-color has-text-color wp-block-heading\">Direito do trabalho<\/h2>\n\n\n\n<p class=\"has-text-align-justify has-ast-global-color-0-color has-text-color has-medium-font-size\">Considerado um dos ramos do Direito mais importante \u00e0 sociedade, o Direito do Trabalho regula a rela\u00e7\u00e3o jur\u00eddica estabelecida entre empregados e empregadores, de modo a assegurar o cumprimento dos direitos trabalhistas. \u00c9 por meio deles que os v\u00ednculos empregat\u00edcios entre os colaboradores e as empresas se mant\u00e9m mais transparentes.&nbsp;<\/p>\n\n\n\n<p class=\"has-text-align-justify has-ast-global-color-0-color has-text-color has-medium-font-size\">Os direitos trabalhistas garantem um equil\u00edbrio na rela\u00e7\u00e3o entre empregado e empregador, o que os fazem de fundamental import\u00e2ncia a ambas as partes. Servem como um alicerce, e funciona como base para que empregadores mantenham sua rela\u00e7\u00e3o com os colaboradores de forma regularizada.<\/p>\n\n\n\n<p class=\"has-text-align-justify has-ast-global-color-0-color has-text-color has-medium-font-size\">S\u00e3o os direitos empregat\u00edcios que regulamentam tais rela\u00e7\u00f5es para que a empresa e o pr\u00f3prio colaborador tenham conhecimento sobre suas obriga\u00e7\u00f5es e deveres. Al\u00e9m disso, servem como suporte a fim de evitar o ajuizamento de a\u00e7\u00f5es trabalhistas ou, at\u00e9 mesmo, o pagamento de multas.<\/p>\n\n\n\n<p class=\"has-text-align-justify has-ast-global-color-0-color has-text-color has-medium-font-size\">Dentre tais direitos, \u00e9 poss\u00edvel destacar o 13\u00ba sal\u00e1rio, f\u00e9rias, hora extra, FGTS, adicional noturno, seguro-desemprego, entre outros.<\/p>\n\n\n\n<p class=\"has-text-align-justify has-ast-global-color-0-color has-text-color has-medium-font-size\">Esse rol foi firmado a partir da celebra\u00e7\u00e3o da Consolida\u00e7\u00e3o das Leis Trabalhistas \u2013 CLT em 1943, dispositivo legal capaz de amparar a regula\u00e7\u00e3o de que tais direitos sejam respeitados.<\/p>\n\n\n\n<ul class=\"is-style-default has-ast-global-color-0-color has-text-color has-medium-font-size has-ek-indent wp-block-list\" style=\"--ek-indent:60px\"><li>V\u00ednculo empregat\u00edcio, horas extras, horas intervalares e descansos semanais remunerados;<\/li><li>Adicional noturno, adicional de insalubridade, adicional de periculosidade, e outros;<\/li><li>Equipara\u00e7\u00e3o salarial, atraso na promo\u00e7\u00e3o e ac\u00famulo \/ desvio de fun\u00e7\u00f5es;<\/li><li>Parcelas vari\u00e1veis em geral como b\u00f4nus, pr\u00eamios e comiss\u00f5es;<\/li><li>Estabilidade, garantia no emprego e reintegra\u00e7\u00e3o;<\/li><li>Ass\u00e9dio moral e ass\u00e9dio sexual;<\/li><li>Outras causas trabalhistas.<\/li><\/ul>\n<\/div><\/div>\n\n\n\n<div class=\"wp-block-uagb-container uagb-block-dd3ece0c alignfull uagb-is-root-container\"><div class=\"uagb-container-inner-blocks-wrap\">\n<div class=\"wp-block-columns is-layout-flex wp-container-core-columns-is-layout-28f84493 wp-block-columns-is-layout-flex\">\n<div class=\"wp-block-column is-layout-flow wp-block-column-is-layout-flow\">\n<div class=\"wp-block-uagb-info-box uagb-block-809477b0 uagb-infobox__content-wrap  uagb-infobox-icon-above-title uagb-infobox-image-valign-top\"><div class=\"uagb-ifb-content\"><div class=\"uagb-ifb-title-wrap\"><h3 class=\"uagb-ifb-title\">Direito Civil<\/h3><\/div><div class=\"uagb-ifb-separator\"><\/div><p class=\"uagb-ifb-desc\">O Direito Civil pode debru\u00e7ar-se sobre uma ampla \u00e1rea de abordagem, permeando desde o Direito de Fam\u00edlia at\u00e9 quest\u00f5es contratuais. Tais quest\u00f5es podem envolver, ainda, a\u00e7\u00f5es atinentes ao Direito do Consumidor,&#8230;<\/p><div class=\"uagb-ifb-button-wrapper wp-block-button\"><a href=\"https:\/\/www.marcianc.adv.br\/index.php\/direito-civil\/\" target=\"_self\" class=\"uagb-infobox-cta-link\" rel=\"noopener noreferrer\" alt=\"\"><span class=\"uagb-inline-editing\">Saiba Mais <\/span><svg xmlns=\"https:\/\/www.w3.org\/2000\/svg\" viewBox=\"0 0 512 512\"><path d=\"M52.51 440.6l171.5-142.9V214.3L52.51 71.41C31.88 54.28 0 68.66 0 96.03v319.9C0 443.3 31.88 457.7 52.51 440.6zM308.5 440.6l192-159.1c15.25-12.87 15.25-36.37 0-49.24l-192-159.1c-20.63-17.12-52.51-2.749-52.51 24.62v319.9C256 443.3 287.9 457.7 308.5 440.6z\"><\/path><\/svg><\/a><\/div><\/div><\/div>\n<\/div>\n\n\n\n<div class=\"wp-block-column is-layout-flow wp-block-column-is-layout-flow\">\n<div class=\"wp-block-uagb-info-box uagb-block-b1591b42 uagb-infobox__content-wrap  uagb-infobox-icon-above-title uagb-infobox-image-valign-top\"><div class=\"uagb-ifb-content\"><div class=\"uagb-ifb-title-wrap\"><h3 class=\"uagb-ifb-title\">Assessoria Jur\u00eddica<\/h3><\/div><div class=\"uagb-ifb-separator\"><\/div><p class=\"uagb-ifb-desc\">A contrata\u00e7\u00e3o de Assessoria Jur\u00eddica \u00e9 capaz de se adequar \u00e0 necessidade demandada pelo cliente, podendo se dar de forma \u00fanica ou cont\u00ednua.<\/p><div class=\"uagb-ifb-button-wrapper wp-block-button\"><a href=\"https:\/\/www.marcianc.adv.br\/index.php\/assessoria-juridica\/\" target=\"_self\" class=\"uagb-infobox-cta-link\" rel=\"noopener noreferrer\" alt=\"\"><span class=\"uagb-inline-editing\">Saiba Mais <\/span><svg xmlns=\"https:\/\/www.w3.org\/2000\/svg\" viewBox=\"0 0 512 512\"><path d=\"M52.51 440.6l171.5-142.9V214.3L52.51 71.41C31.88 54.28 0 68.66 0 96.03v319.9C0 443.3 31.88 457.7 52.51 440.6zM308.5 440.6l192-159.1c15.25-12.87 15.25-36.37 0-49.24l-192-159.1c-20.63-17.12-52.51-2.749-52.51 24.62v319.9C256 443.3 287.9 457.7 308.5 440.6z\"><\/path><\/svg><\/a><\/div><\/div><\/div>\n<\/div>\n<\/div>\n<\/div><\/div>\n","protected":false},"excerpt":{"rendered":"<p>Direito do trabalho Direito do trabalho Considerado um dos ramos do Direito mais importante \u00e0 sociedade, o Direito do Trabalho regula a rela\u00e7\u00e3o jur\u00eddica estabelecida entre empregados e empregadores, de modo a assegurar o cumprimento dos direitos trabalhistas. \u00c9 por meio deles que os v\u00ednculos empregat\u00edcios entre os colaboradores e as empresas se mant\u00e9m mais [&hellip;]<\/p>\n","protected":false},"author":2,"featured_media":0,"parent":0,"menu_order":0,"comment_status":"closed","ping_status":"closed","template":"","meta":{"_editorskit_title_hidden":false,"_editorskit_reading_time":1,"_editorskit_is_block_options_detached":false,"_editorskit_block_options_position":"{}","_uag_custom_page_level_css":"","site-sidebar-layout":"no-sidebar","site-content-layout":"plain-container","ast-site-content-layout":"default","site-content-style":"default","site-sidebar-style":"default","ast-global-header-display":"","ast-banner-title-visibility":"","ast-main-header-display":"","ast-hfb-above-header-display":"","ast-hfb-below-header-display":"","ast-hfb-mobile-header-display":"","site-post-title":"disabled","ast-breadcrumbs-content":"","ast-featured-img":"","footer-sml-layout":"","ast-disable-related-posts":"","theme-transparent-header-meta":"enabled","adv-header-id-meta":"","stick-header-meta":"","header-above-stick-meta":"","header-main-stick-meta":"","header-below-stick-meta":"","astra-migrate-meta-layouts":"default","ast-page-background-enabled":"default","ast-page-background-meta":{"desktop":{"background-color":"","background-image":"","background-repeat":"repeat","background-position":"center center","background-size":"auto","background-attachment":"scroll","background-type":"","background-media":"","overlay-type":"","overlay-color":"","overlay-opacity":"","overlay-gradient":""},"tablet":{"background-color":"","background-image":"","background-repeat":"repeat","background-position":"center center","background-size":"auto","background-attachment":"scroll","background-type":"","background-media":"","overlay-type":"","overlay-color":"","overlay-opacity":"","overlay-gradient":""},"mobile":{"background-color":"","background-image":"","background-repeat":"repeat","background-position":"center center","background-size":"auto","background-attachment":"scroll","background-type":"","background-media":"","overlay-type":"","overlay-color":"","overlay-opacity":"","overlay-gradient":""}},"ast-content-background-meta":{"desktop":{"background-color":"var(--ast-global-color-5)","background-image":"","background-repeat":"repeat","background-position":"center center","background-size":"auto","background-attachment":"scroll","background-type":"","background-media":"","overlay-type":"","overlay-color":"","overlay-opacity":"","overlay-gradient":""},"tablet":{"background-color":"var(--ast-global-color-5)","background-image":"","background-repeat":"repeat","background-position":"center center","background-size":"auto","background-attachment":"scroll","background-type":"","background-media":"","overlay-type":"","overlay-color":"","overlay-opacity":"","overlay-gradient":""},"mobile":{"background-color":"var(--ast-global-color-5)","background-image":"","background-repeat":"repeat","background-position":"center center","background-size":"auto","background-attachment":"scroll","background-type":"","background-media":"","overlay-type":"","overlay-color":"","overlay-opacity":"","overlay-gradient":""}},"footnotes":""},"class_list":["post-550","page","type-page","status-publish","hentry"],"uagb_featured_image_src":{"full":false,"thumbnail":false,"medium":false,"medium_large":false,"large":false,"1536x1536":false,"2048x2048":false},"uagb_author_info":{"display_name":"Patrick Cadaval","author_link":"https:\/\/www.marcianc.adv.br\/index.php\/author\/patrick\/"},"uagb_comment_info":0,"uagb_excerpt":"Direito do trabalho Direito do trabalho Considerado um dos ramos do Direito mais importante \u00e0 sociedade, o Direito do Trabalho regula a rela\u00e7\u00e3o jur\u00eddica estabelecida entre empregados e empregadores, de modo a assegurar o cumprimento dos direitos trabalhistas. \u00c9 por meio deles que os v\u00ednculos empregat\u00edcios entre os colaboradores e as empresas se mant\u00e9m mais&hellip;","_links":{"self":[{"href":"https:\/\/www.marcianc.adv.br\/index.php\/wp-json\/wp\/v2\/pages\/550","targetHints":{"allow":["GET"]}}],"collection":[{"href":"https:\/\/www.marcianc.adv.br\/index.php\/wp-json\/wp\/v2\/pages"}],"about":[{"href":"https:\/\/www.marcianc.adv.br\/index.php\/wp-json\/wp\/v2\/types\/page"}],"author":[{"embeddable":true,"href":"https:\/\/www.marcianc.adv.br\/index.php\/wp-json\/wp\/v2\/users\/2"}],"replies":[{"embeddable":true,"href":"https:\/\/www.marcianc.adv.br\/index.php\/wp-json\/wp\/v2\/comments?post=550"}],"version-history":[{"count":22,"href":"https:\/\/www.marcianc.adv.br\/index.php\/wp-json\/wp\/v2\/pages\/550\/revisions"}],"predecessor-version":[{"id":842,"href":"https:\/\/www.marcianc.adv.br\/index.php\/wp-json\/wp\/v2\/pages\/550\/revisions\/842"}],"wp:attachment":[{"href":"https:\/\/www.marcianc.adv.br\/index.php\/wp-json\/wp\/v2\/media?parent=550"}],"curies":[{"name":"wp","href":"https:\/\/api.w.org\/{rel}","templated":true}]}}